{"id":394,"date":"2015-03-02T14:43:29","date_gmt":"2015-03-02T14:43:29","guid":{"rendered":"http:\/\/barrankatt.com\/?page_id=394"},"modified":"2026-04-27T12:30:17","modified_gmt":"2026-04-27T12:30:17","slug":"rutas-realizadas-2","status":"publish","type":"page","link":"https:\/\/www.barrankatt.com\/eu\/grupo-mixto\/rutas-realizadas-2\/","title":{"rendered":"Egindako ibilbideak"},"content":{"rendered":"<p><\/p>\n<p><p style=\"text-align: justify\">Talde Mistoak egindako Bide handiak.<\/p>\n<ul>\n<li><a title=\"Burunda\" href=\"http:\/\/es.wikiloc.com\/wikiloc\/view.do?id=1211077\" target=\"_blank\" rel=\"noopener noreferrer\">A\u00f1o 2.009 &#8211; Canal de Castilla<\/a><\/li>\n<li><a title=\"Ojos Negros\" href=\"http:\/\/es.wikiloc.com\/wikiloc\/view.do?id=6671044\" target=\"_blank\" rel=\"noopener noreferrer\">A\u00f1o 2.014 &#8211; V\u00eda Verde Ojos Negros<\/a><\/li>\n<\/ul>\n<p><\/p>","protected":false},"excerpt":{"rendered":"<p>Talde Mistoak egindako Bide handiak. A\u00f1o 2.009 &#8211; Canal de Castilla A\u00f1o 2.014 &#8211; V\u00eda Verde Ojos Negros<\/p>\n","protected":false},"author":1,"featured_media":0,"parent":338,"menu_order":0,"comment_status":"closed","ping_status":"closed","template":"","meta":{"footnotes":""},"class_list":["post-394","page","type-page","status-publish","hentry"],"aioseo_notices":[],"_links":{"self":[{"href":"https:\/\/www.barrankatt.com\/eu\/wp-json\/wp\/v2\/pages\/394","targetHints":{"allow":["GET"]}}],"collection":[{"href":"https:\/\/www.barrankatt.com\/eu\/wp-json\/wp\/v2\/pages"}],"about":[{"href":"https:\/\/www.barrankatt.com\/eu\/wp-json\/wp\/v2\/types\/page"}],"author":[{"embeddable":true,"href":"https:\/\/www.barrankatt.com\/eu\/wp-json\/wp\/v2\/users\/1"}],"replies":[{"embeddable":true,"href":"https:\/\/www.barrankatt.com\/eu\/wp-json\/wp\/v2\/comments?post=394"}],"version-history":[{"count":326,"href":"https:\/\/www.barrankatt.com\/eu\/wp-json\/wp\/v2\/pages\/394\/revisions"}],"predecessor-version":[{"id":7661,"href":"https:\/\/www.barrankatt.com\/eu\/wp-json\/wp\/v2\/pages\/394\/revisions\/7661"}],"up":[{"embeddable":true,"href":"https:\/\/www.barrankatt.com\/eu\/wp-json\/wp\/v2\/pages\/338"}],"wp:attachment":[{"href":"https:\/\/www.barrankatt.com\/eu\/wp-json\/wp\/v2\/media?parent=394"}],"curies":[{"name":"wp","href":"https:\/\/api.w.org\/{rel}","templated":true}]}}