{"id":20,"date":"2015-02-26T11:51:31","date_gmt":"2015-02-26T11:51:31","guid":{"rendered":"http:\/\/barrankatt.com\/?page_id=20"},"modified":"2025-11-01T16:28:34","modified_gmt":"2025-11-01T16:28:34","slug":"grandes-rutas","status":"publish","type":"page","link":"https:\/\/www.barrankatt.com\/eu\/grandes-rutas\/","title":{"rendered":"Ibilbide handiak"},"content":{"rendered":"<p><\/p>\n<p><p style=\"text-align: justify;\">BTT-a dator 1.998 bide handi urtetik uda-sasoian eginez, hartan jakinarazitako osagai desberdinak daude, hartarako prestaketa funtsezkoa da, etapak|aldiak daudenez gero baina 100 km-eko. Ondoren gure bideen loturak|estekak|ezkontzak uzten ditugu Wikiloc-en, ibilbideak deskargatu ahal izango dituzuen GPS-erako tokian.<\/p>\n<ul>\n<li><a title=\"Camino de Santiago Frances. A\u00f1o 1.998\" href=\"http:\/\/es.wikiloc.com\/wikiloc\/view.do?id=2413760\" target=\"_blank\" rel=\"noopener noreferrer\">A\u00f1o 1.998 &#8211; Camino de Santiago Franc\u00e9s<\/a><\/li>\n<li><a title=\"Ruta de la Plata. A\u00f1o 1.999\" href=\"http:\/\/es.wikiloc.com\/wikiloc\/view.do?id=2455669\" target=\"_blank\" rel=\"noopener noreferrer\">A\u00f1o 1.999 &#8211; Ruta de la Plata.<\/a><\/li>\n<li><a title=\"Camino del Cid. A\u00f1o 2.000\" href=\"http:\/\/es.wikiloc.com\/wikiloc\/view.do?id=2458014\" target=\"_blank\" rel=\"noopener noreferrer\">A\u00f1o 2.000 &#8211; Camino del Cid.<\/a><\/li>\n<li><a title=\"Vuelta a Navarra BTT. A\u00f1o 2.003\" href=\"http:\/\/es.wikiloc.com\/wikiloc\/view.do?id=324066\" target=\"_blank\" rel=\"noopener noreferrer\">A\u00f1o 2.003 &#8211; Vuelta a Navarra en BTT.<\/a><\/li>\n<li><a title=\"Camino Norte de Santiago. A\u00f1o 2.005\" href=\"http:\/\/es.wikiloc.com\/wikiloc\/view.do?id=2469423\" target=\"_blank\" rel=\"noopener noreferrer\">A\u00f1o 2.005 &#8211; Camino Norte de Santiago.<\/a><\/li>\n<li><a title=\"Ruta del Quijote. A\u00f1o 2.006\" href=\"http:\/\/es.wikiloc.com\/wikiloc\/view.do?id=2471925\" target=\"_blank\" rel=\"noopener noreferrer\">A\u00f1o 2.006 &#8211; Ruta del Quijote.<\/a><\/li>\n<li><a title=\"Ca\u00f1ada Real Soriana Occidental. A\u00f1o 2.007\" href=\"http:\/\/es.wikiloc.com\/wikiloc\/view.do?id=2491672\" target=\"_blank\" rel=\"noopener noreferrer\">A\u00f1o 2.007 &#8211; Ca\u00f1ada Real Soriana Occidental.<\/a><\/li>\n<li><a title=\"Camino Portugues. A\u00f1o 2.008\" href=\"http:\/\/es.wikiloc.com\/wikiloc\/view.do?id=2507915\" target=\"_blank\" rel=\"noopener noreferrer\">A\u00f1o 2.008 &#8211; Camino de Portugu\u00e9s de Santiago<\/a><\/li>\n<li><a title=\"Camino Mozarabe y del Sur. A\u00f1o 2.009\" href=\"http:\/\/es.wikiloc.com\/wikiloc\/view.do?id=1184469\" target=\"_blank\" rel=\"noopener noreferrer\">A\u00f1o 2.009 &#8211; Camino Mozarabe y del Sur.<\/a><\/li>\n<li><a title=\"Viaje a la Alcarria. A\u00f1o 2.010\" href=\"http:\/\/es.wikiloc.com\/wikiloc\/view.do?id=1107995\" target=\"_blank\" rel=\"noopener noreferrer\">A\u00f1o 2.010 &#8211; Viaje a la Alcarria.<\/a><\/li>\n<li><a title=\"Ruta de Carlos V. A\u00f1o 2.011\" href=\"http:\/\/es.wikiloc.com\/wikiloc\/view.do?id=1973271\" target=\"_blank\" rel=\"noopener noreferrer\">A\u00f1o 2.011 &#8211; Ruta de Carlos V.<\/a><\/li>\n<li><a title=\"Ruta del Papa Luna 2.012\" href=\"http:\/\/es.wikiloc.com\/wikiloc\/view.do?id=3390296\" target=\"_blank\" rel=\"noopener noreferrer\">A\u00f1o 2.012 &#8211; Ruta del Papa Luna.<\/a><\/li>\n<li><a title=\"Camino Madrid y Sanabres 2.012\" href=\"http:\/\/es.wikiloc.com\/wikiloc\/view.do?id=3310532\" target=\"_blank\" rel=\"noopener noreferrer\">A\u00f1o 2.012 &#8211; Camino Santiago de Madrid y Sanabres.<\/a><\/li>\n<li><a title=\"Camino Ignaciano 2.013\" href=\"http:\/\/es.wikiloc.com\/wikiloc\/view.do?id=5018305\" target=\"_blank\" rel=\"noopener noreferrer\">A\u00f1o 2.013 &#8211; Camino Ignaciano.<\/a><\/li>\n<li><a title=\"Ruta del Indalo 2.014\" href=\"http:\/\/es.wikiloc.com\/wikiloc\/view.do?id=7767507\" target=\"_blank\" rel=\"noopener noreferrer\">A\u00f1o 2.014 &#8211; Ruta del Indalo.<\/a><\/li>\n<\/ul>\n<p><\/p>","protected":false},"excerpt":{"rendered":"<p>BTT-a dator 1.998 bide handi urtetik uda-sasoian eginez, hartan jakinarazitako osagai desberdinak daude, hartarako prestaketa funtsezkoa da, etapak|aldiak daudenez gero baina 100 km-eko. Ondoren gure bideen loturak|estekak|ezkontzak uzten ditugu Wikiloc-en, ibilbideak deskargatu ahal izango dituzuen GPS-erako tokian. A\u00f1o 1.998 &#8211; Camino de Santiago Franc\u00e9s A\u00f1o 1.999 &#8211; Ruta de la Plata. A\u00f1o 2.000 &#8211; Camino &hellip; <a href=\"https:\/\/www.barrankatt.com\/eu\/grandes-rutas\/\" class=\"more-link\">Jarraitu <span class=\"screen-reader-text\">Ibilbide handiak<\/span> irakurtzen<\/a><\/p>\n","protected":false},"author":1,"featured_media":5106,"parent":0,"menu_order":0,"comment_status":"closed","ping_status":"closed","template":"","meta":{"footnotes":""},"class_list":["post-20","page","type-page","status-publish","has-post-thumbnail","hentry"],"aioseo_notices":[],"_links":{"self":[{"href":"https:\/\/www.barrankatt.com\/eu\/wp-json\/wp\/v2\/pages\/20","targetHints":{"allow":["GET"]}}],"collection":[{"href":"https:\/\/www.barrankatt.com\/eu\/wp-json\/wp\/v2\/pages"}],"about":[{"href":"https:\/\/www.barrankatt.com\/eu\/wp-json\/wp\/v2\/types\/page"}],"author":[{"embeddable":true,"href":"https:\/\/www.barrankatt.com\/eu\/wp-json\/wp\/v2\/users\/1"}],"replies":[{"embeddable":true,"href":"https:\/\/www.barrankatt.com\/eu\/wp-json\/wp\/v2\/comments?post=20"}],"version-history":[{"count":43,"href":"https:\/\/www.barrankatt.com\/eu\/wp-json\/wp\/v2\/pages\/20\/revisions"}],"predecessor-version":[{"id":7299,"href":"https:\/\/www.barrankatt.com\/eu\/wp-json\/wp\/v2\/pages\/20\/revisions\/7299"}],"wp:featuredmedia":[{"embeddable":true,"href":"https:\/\/www.barrankatt.com\/eu\/wp-json\/wp\/v2\/media\/5106"}],"wp:attachment":[{"href":"https:\/\/www.barrankatt.com\/eu\/wp-json\/wp\/v2\/media?parent=20"}],"curies":[{"name":"wp","href":"https:\/\/api.w.org\/{rel}","templated":true}]}}